{"id":51,"date":"2017-07-17T17:47:29","date_gmt":"2017-07-17T17:47:29","guid":{"rendered":"http:\/\/suppenplantage-kassel.de\/?page_id=51"},"modified":"2026-04-20T08:58:25","modified_gmt":"2026-04-20T08:58:25","slug":"speisenangebot-ein-beispiel","status":"publish","type":"page","link":"http:\/\/suppenplantage-kassel.de\/?page_id=51","title":{"rendered":"Saisonales Speisenangebot"},"content":{"rendered":"\n<p><a href=\"javascript:;\"><\/a><\/p>\n\n\n\n<figure class=\"wp-block-image\"><a href=\"http:\/\/suppenplantage-kassel.de\/wp-admin\/admin.php?page=mailpoet-newsletter-editor&amp;id=281\"><img decoding=\"async\" src=\"http:\/\/suppenplantage-kassel.de\/wp-content\/uploads\/2017\/07\/Suppenplantage-Logo.jpg\" alt=\"Suppenplantage Logo\"\/><\/a><\/figure>\n\n\n\n<h1 class=\"wp-block-heading\">Dinner with Strangers<\/h1>\n\n\n\n<figure class=\"wp-block-table\"><table class=\"has-fixed-layout\"><tbody><tr><td>Nimm Platz &#8211; eine Tafel &#8211; viele Menschen &#8211; gemeinsam Essen und Plaudern<\/td><\/tr><\/tbody><\/table><\/figure>\n\n\n\n<p>Der erste Termin unseres neuen Formates wurde am Samstag, 18. April in netter Gesellschaft gefeiert.<\/p>\n\n\n\n<p>Und schon steht der n\u00e4chste Termin an: Samstag, 9. Mai 2026 ab 19 Uhr. <\/p>\n\n\n\n<p>&#8222;Eintritt&#8220;: 33 Euro f\u00fcr ein vegetarisches Fr\u00fchlingsmen\u00fc. Eine Anmeldung ist erforderlich und kann \u00fcber unsere E-Mail erfolgen.<\/p>\n\n\n\n<p>Wir freuen uns heute schon auf den n\u00e4chsten Dinner with Strangers  mit Simones Sunshine Kitchen! <\/p>\n\n\n\n<h1 class=\"wp-block-heading\">Suppen der Woche<\/h1>\n\n\n\n<figure class=\"wp-block-table\"><table class=\"has-fixed-layout\"><tbody><tr><td>(Sattmachsuppen PLUS Nachschlag = SATT)<\/td><\/tr><\/tbody><\/table><\/figure>\n\n\n\n<ul class=\"wp-block-list\">\n<li>Bunter Gem\u00fcseeintopf aus Nordhessens reichhaltigen Gem\u00fcseg\u00e4rten \u2013 vegan 8,90 \u20ac<\/li>\n\n\n\n<li>Gem\u00fcseeintopf + BioW\u00fcrstchen von der BioMetzgerei Armbr\u00f6ster in Lohfelden 11,90 \u20ac<\/li>\n\n\n\n<li>Rote Linsensuppe, orientalisch gew\u00fcrzt \u2013 vegan 8,90 \u20ac, anschlie\u00dfend T\u00fcrkische Linsensuppe mit frischer Zitrone und Petersilie 8,90 \u20ac &#8211; vegan<\/li>\n\n\n\n<li>Westafrikanische Erdnusscremesuppe mit Kokosmilch 9,50 \u20ac &#8211; vegan, anschlie\u00dfend Spitzkohls\u00fcppchen mit Sesam-Frischk\u00e4seb\u00e4llchen 9,50 \u20ac\u00a0<\/li>\n\n\n\n<li>Kartoffelsuppe klassisch &#8211; vegan 8,90 \u20ac oder mit BioWienerchen \u00e0 11,90 \u20ac<\/li>\n\n\n\n<li>BioGulaschsuppe aus 100 % Rindfleisch von der BioMetzgerei Armbr\u00f6ster aus Lohfelden 14,90 \u20ac, anschlie\u00dfend BioHack-K\u00e4se-Lauchsuppe mit einem Sch\u00e4lchen Reis 14,90 \u20ac<\/li>\n<\/ul>\n\n\n\n<h1 class=\"wp-block-heading\">Salate<\/h1>\n\n\n\n<figure class=\"wp-block-table\"><table class=\"has-fixed-layout\"><tbody><tr><td>(klein 4,90 \u20ac \/ gro\u00df 8,90 \u20ac)<\/td><\/tr><\/tbody><\/table><\/figure>\n\n\n\n<ul class=\"wp-block-list\">\n<li>Rohkost-Karotten-Ingwer-Orange-Apfel-Salat<\/li>\n\n\n\n<li>Rote Bete Salat mit ger\u00f6stetem Sesam<\/li>\n<\/ul>\n\n\n\n<h1 class=\"wp-block-heading\">S\u00fc\u00dfes<\/h1>\n\n\n\n<ul class=\"wp-block-list\">\n<li>veganer Kokosmilchreis mit Fruchtmus und Zimt &amp; Zucker (4,50 \u20ac \/ 6,90 \u20ac)<\/li>\n<\/ul>\n\n\n\n<p>Frucht Crumble im Glas \u2013 geschichtet: Fruchtmus, BioJoghurt vom Eschenhof, \u201eKr\u00fcmel\u201c (4,50\u20ac)<a href=\"javascript:;\"><\/a><a href=\"javascript:;\"><\/a><a href=\"javascript:;\"><\/a><\/p>\n\n\n\n<p>Mamas lecker Kuchen (2,90 \u20ac \/ 3,20 \u20ac)<\/p>\n\n\n\n<p>Melanies veganer Kuchen (2,90 \u20ac \/ 3,50 \u20ac)<\/p>\n\n\n\n<p><a href=\"javascript:;\"><\/a><a href=\"javascript:;\"><\/a><\/p>\n\n\n<p><!-- \/wp:post-content --><\/p>\n<p><!-- \/wp:table --><\/p>\n<p><!-- wp:image {\"id\":736,\"width\":\"674px\",\"height\":\"auto\",\"sizeSlug\":\"large\",\"linkDestination\":\"none\"} --><\/p>\n<figure class=\"wp-block-image size-large is-resized\"><img loading=\"lazy\" decoding=\"async\" width=\"1024\" height=\"668\" class=\"wp-image-736\" style=\"width: 674px; height: auto;\" src=\"http:\/\/suppenplantage-kassel.de\/wp-content\/uploads\/2025\/03\/suesses-1024x668.jpg\" alt=\"\" srcset=\"http:\/\/suppenplantage-kassel.de\/wp-content\/uploads\/2025\/03\/suesses-1024x668.jpg 1024w, http:\/\/suppenplantage-kassel.de\/wp-content\/uploads\/2025\/03\/suesses-300x196.jpg 300w, http:\/\/suppenplantage-kassel.de\/wp-content\/uploads\/2025\/03\/suesses-768x501.jpg 768w, http:\/\/suppenplantage-kassel.de\/wp-content\/uploads\/2025\/03\/suesses-1536x1001.jpg 1536w, http:\/\/suppenplantage-kassel.de\/wp-content\/uploads\/2025\/03\/suesses-1320x861.jpg 1320w, http:\/\/suppenplantage-kassel.de\/wp-content\/uploads\/2025\/03\/suesses.jpg 1764w\" sizes=\"auto, (max-width: 767px) 89vw, (max-width: 1000px) 54vw, (max-width: 1071px) 543px, 580px\" \/><\/figure>\n<p><!-- \/wp:image --><\/p>\n<p><!-- wp:paragraph --><\/p>\n<p><!-- \/wp:paragraph --><\/p>\n<p><!-- wp:paragraph --><\/p>\n<p><!-- \/wp:paragraph --><\/p>\n<p><!-- wp:image {\"id\":739,\"sizeSlug\":\"large\",\"linkDestination\":\"none\"} --><\/p>\n<figure class=\"wp-block-image size-large\"><img loading=\"lazy\" decoding=\"async\" width=\"722\" height=\"1024\" class=\"wp-image-739\" src=\"http:\/\/suppenplantage-kassel.de\/wp-content\/uploads\/2025\/03\/Fruehstueckskarte_Suppenplantage_15_12_24-722x1024.jpg\" alt=\"\" srcset=\"http:\/\/suppenplantage-kassel.de\/wp-content\/uploads\/2025\/03\/Fruehstueckskarte_Suppenplantage_15_12_24-722x1024.jpg 722w, http:\/\/suppenplantage-kassel.de\/wp-content\/uploads\/2025\/03\/Fruehstueckskarte_Suppenplantage_15_12_24-211x300.jpg 211w, http:\/\/suppenplantage-kassel.de\/wp-content\/uploads\/2025\/03\/Fruehstueckskarte_Suppenplantage_15_12_24-768x1090.jpg 768w, http:\/\/suppenplantage-kassel.de\/wp-content\/uploads\/2025\/03\/Fruehstueckskarte_Suppenplantage_15_12_24-1083x1536.jpg 1083w, http:\/\/suppenplantage-kassel.de\/wp-content\/uploads\/2025\/03\/Fruehstueckskarte_Suppenplantage_15_12_24-1444x2048.jpg 1444w, http:\/\/suppenplantage-kassel.de\/wp-content\/uploads\/2025\/03\/Fruehstueckskarte_Suppenplantage_15_12_24-1320x1873.jpg 1320w, http:\/\/suppenplantage-kassel.de\/wp-content\/uploads\/2025\/03\/Fruehstueckskarte_Suppenplantage_15_12_24.jpg 1748w\" sizes=\"auto, (max-width: 722px) 100vw, 722px\" \/><\/figure>\n<p><!-- \/wp:image --><\/p>\n<p><!-- wp:paragraph --><\/p>\n<p>Illustration: Carolin Pysalski<\/p>\n<p><!-- \/wp:paragraph --><\/p>\n<p><!-- wp:paragraph --><\/p>\n<p><!-- \/wp:paragraph --><\/p>","protected":false},"excerpt":{"rendered":"<p>Dinner with Strangers Nimm Platz &#8211; eine Tafel &#8211; viele Menschen &#8211; gemeinsam Essen und Plaudern Der erste Termin unseres neuen Formates wurde am Samstag, 18. April in netter Gesellschaft gefeiert. Und schon steht der n\u00e4chste Termin an: Samstag, 9. Mai 2026 ab 19 Uhr. &#8222;Eintritt&#8220;: 33 Euro f\u00fcr ein vegetarisches Fr\u00fchlingsmen\u00fc. Eine Anmeldung ist &hellip; <\/p>\n<p class=\"link-more\"><a href=\"http:\/\/suppenplantage-kassel.de\/?page_id=51\" class=\"more-link\"><span class=\"screen-reader-text\">\u201eSaisonales Speisenangebot\u201c<\/span> weiterlesen<\/a><\/p>\n","protected":false},"author":1,"featured_media":67,"parent":0,"menu_order":0,"comment_status":"closed","ping_status":"closed","template":"","meta":{"footnotes":""},"class_list":["post-51","page","type-page","status-publish","has-post-thumbnail","hentry"],"_links":{"self":[{"href":"http:\/\/suppenplantage-kassel.de\/index.php?rest_route=\/wp\/v2\/pages\/51","targetHints":{"allow":["GET"]}}],"collection":[{"href":"http:\/\/suppenplantage-kassel.de\/index.php?rest_route=\/wp\/v2\/pages"}],"about":[{"href":"http:\/\/suppenplantage-kassel.de\/index.php?rest_route=\/wp\/v2\/types\/page"}],"author":[{"embeddable":true,"href":"http:\/\/suppenplantage-kassel.de\/index.php?rest_route=\/wp\/v2\/users\/1"}],"replies":[{"embeddable":true,"href":"http:\/\/suppenplantage-kassel.de\/index.php?rest_route=%2Fwp%2Fv2%2Fcomments&post=51"}],"version-history":[{"count":219,"href":"http:\/\/suppenplantage-kassel.de\/index.php?rest_route=\/wp\/v2\/pages\/51\/revisions"}],"predecessor-version":[{"id":802,"href":"http:\/\/suppenplantage-kassel.de\/index.php?rest_route=\/wp\/v2\/pages\/51\/revisions\/802"}],"wp:featuredmedia":[{"embeddable":true,"href":"http:\/\/suppenplantage-kassel.de\/index.php?rest_route=\/wp\/v2\/media\/67"}],"wp:attachment":[{"href":"http:\/\/suppenplantage-kassel.de\/index.php?rest_route=%2Fwp%2Fv2%2Fmedia&parent=51"}],"curies":[{"name":"wp","href":"https:\/\/api.w.org\/{rel}","templated":true}]}}